{"id":5,"date":"2014-10-02T10:45:24","date_gmt":"2014-10-02T08:45:24","guid":{"rendered":"http:\/\/ganaderiaantoniopalla.com\/en\/?page_id=5"},"modified":"2021-06-15T20:02:29","modified_gmt":"2021-06-15T18:02:29","slug":"cattle-ranch","status":"publish","type":"page","link":"https:\/\/ganaderiaantoniopalla.com\/en\/cattle-ranch\/","title":{"rendered":"Cattle Ranch"},"content":{"rendered":"<p><strong>Antonio Palla <\/strong><strong>Cattle Ranch<\/strong><\/p>\n<p><strong>Code<\/strong>: AGL<br \/>\n<strong>Town<\/strong>: Campos de Ledesma<br \/>\n<strong>Province<\/strong>: Salamanca<br \/>\n<strong>Country<\/strong>: Espa\u00f1a<br \/>\n<strong>Foreman<\/strong>: Ignacio Garc\u00eda Mart\u00edn<br \/>\n<strong>Ribbon<\/strong>: Red and green.<br \/>\n<strong>Description of ear mark<\/strong>: Single tear on right ear.<br \/>\n<strong>Main estate<\/strong>: \u201cGusende Moscosa\u201d. Campos de Ledesma C.P. 37140 (Salamanca) Spain<br \/>\n<strong>Representative<\/strong>: Antonio Palla Vicente<\/p>\n<p>&nbsp;<\/p>\n<p style=\"text-align: center;\"><style id=\"wp_carousel_dynamic_css164\">.sp-wp-carousel-free-id-164.wpcf-fancybox-wrapper .fancybox-bg{background: #0b0b0b;opacity: 0.8;}.sp-wp-carousel-free-id-164.wpcf-fancybox-wrapper .fancybox-navigation .fancybox-button .wpcp-fancybox-nav-arrow i {color: #ccc;}.sp-wp-carousel-free-id-164.wpcf-fancybox-wrapper .fancybox-navigation .fancybox-button .wpcp-fancybox-nav-arrow i:hover {color: #fff;}.sp-wp-carousel-free-id-164.wpcf-fancybox-wrapper .fancybox-navigation .fancybox-button {background: #1e1e1e;}.sp-wp-carousel-free-id-164.wpcf-fancybox-wrapper .fancybox-navigation .fancybox-button:hover {background: #1e1e1e;}#sp-wp-carousel-free-id-164 .wpcp-swiper-dots {margin: 40px 0px 0px 0px;}@media screen and (max-width: 479px) {#sp-wp-carousel-free-id-164 .wpcp-swiper-dots {display: none;}}.wpcp-wrapper-164 .swiper-wrapper .swiper-slide-kenburn, .wpcp-wrapper-164 .swiper-wrapper, .wpcp-wrapper-164 .wpcpro-row{align-items: center;}#sp-wp-carousel-free-id-164 .wpcp-single-item {box-shadow: 0px 0px 0px 0px #dddddd;transition: all .3s;margin: 0px;}#sp-wp-carousel-free-id-164.swiper-flip .wpcp-single-item{margin: 0!important;}#sp-wp-carousel-free-id-164 .wpcp-single-item:hover {box-shadow: 0px 0px 0px 0px #dddddd;}#sp-wp-carousel-free-id-164.sp-wpcp-164 .wpcp-single-item {border: 1px solid #dddddd;}#sp-wp-carousel-free-id-164.sp-wpcp-164 .swiper-button-prev,#sp-wp-carousel-free-id-164.sp-wpcp-164 .swiper-button-next,#sp-wp-carousel-free-id-164.sp-wpcp-164 .swiper-button-prev:hover,#sp-wp-carousel-free-id-164.sp-wpcp-164 .swiper-button-next:hover {background: none;border: none;font-size: 30px;}#sp-wp-carousel-free-id-164.sp-wpcp-164 .swiper-button-prev i,#sp-wp-carousel-free-id-164.sp-wpcp-164 .swiper-button-next i {color: #aaa;}#sp-wp-carousel-free-id-164.sp-wpcp-164 .swiper-button-prev i:hover,#sp-wp-carousel-free-id-164.sp-wpcp-164 .swiper-button-next i:hover {color: #18AFB9;}#sp-wp-carousel-free-id-164.sp-wpcp-164 .wpcp-swiper-dots .swiper-pagination-bullet {background-color: #cccccc;}#sp-wp-carousel-free-id-164.sp-wpcp-164 .wpcp-swiper-dots .swiper-pagination-bullet.swiper-pagination-bullet-active {background-color: #18AFB9;} #sp-wp-carousel-free-id-164.sp-wpcp-164.wpcp-image-carousel .wpcp-single-item:hover img, #sp-wp-carousel-free-id-164.sp-wpcp-164.wpcp-post-carousel .wpcp-single-item:hover img, #sp-wp-carousel-free-id-164.sp-wpcp-164.wpcp-product-carousel .wpcp-single-item:hover img{-webkit-transform: scale(1.2);-moz-transform: scale(1.2);transform: scale(1.2);}#sp-wp-carousel-free-id-164 .wpcpro-row>[class*=\"wpcpro-col-\"] { padding: 0 10px; padding-bottom: 20px;} #sp-wp-carousel-free-id-164 .swiper-slide .single-item-fade:not(:last-child) { margin-right: 20px;}@media (min-width: 480px) { .wpcpro-row .wpcpro-col-sm-1 { flex: 0 0 100%; max-width: 100%; } .wpcpro-row .wpcpro-col-sm-2 { flex: 0 0 50%; max-width: 50%; } .wpcpro-row .wpcpro-col-sm-2-5 { flex: 0 0 75%; max-width: 75%; } .wpcpro-row .wpcpro-col-sm-3 { flex: 0 0 33.333%; max-width: 33.333%; } .wpcpro-row .wpcpro-col-sm-4 { flex: 0 0 25%; max-width: 25%; } .wpcpro-row .wpcpro-col-sm-5 { flex: 0 0 20%; max-width: 20%; } .wpcpro-row .wpcpro-col-sm-6 { flex: 0 0 16.66666666666667%; max-width: 16.66666666666667%; } .wpcpro-row .wpcpro-col-sm-7 { flex: 0 0 14.28571428%; max-width: 14.28571428%; } .wpcpro-row .wpcpro-col-sm-8 { flex: 0 0 12.5%; max-width: 12.5%; } } @media (max-width: 480px) { .wpcpro-row .wpcpro-col-xs-1 { flex: 0 0 100%; max-width: 100%; } .wpcpro-row .wpcpro-col-xs-2 { flex: 0 0 50%; max-width: 50%; } .wpcpro-row .wpcpro-col-xs-3 { flex: 0 0 33.222%; max-width: 33.222%; } .wpcpro-row .wpcpro-col-xs-4 { flex: 0 0 25%; max-width: 25%; } .wpcpro-row .wpcpro-col-xs-5 { flex: 0 0 20%; max-width: 20%; } .wpcpro-row .wpcpro-col-xs-6 { flex: 0 0 16.6667%; max-width: 16.6667%; } .wpcpro-row .wpcpro-col-xs-7 { flex: 0 0 14.28571428%; max-width: 14.28571428%; } .wpcpro-row .wpcpro-col-xs-8 { flex: 0 0 12.5%; max-width: 12.5%; } } @media (min-width: 736px) { .wpcpro-row .wpcpro-col-md-1 { flex: 0 0 100%; max-width: 100%; } .wpcpro-row .wpcpro-col-md-2 { flex: 0 0 50%; max-width: 50%; } .wpcpro-row .wpcpro-col-md-2-5 { flex: 0 0 75%; max-width: 75%; } .wpcpro-row .wpcpro-col-md-3 { flex: 0 0 33.333%; max-width: 33.333%; } .wpcpro-row .wpcpro-col-md-4 { flex: 0 0 25%; max-width: 25%; } .wpcpro-row .wpcpro-col-md-5 { flex: 0 0 20%; max-width: 20%; } .wpcpro-row .wpcpro-col-md-6 { flex: 0 0 16.66666666666667%; max-width: 16.66666666666667%; } .wpcpro-row .wpcpro-col-md-7 { flex: 0 0 14.28571428%; max-width: 14.28571428%; } .wpcpro-row .wpcpro-col-md-8 { flex: 0 0 12.5%; max-width: 12.5%; } } @media (min-width: 980px) { .wpcpro-row .wpcpro-col-lg-1 { flex: 0 0 100%; max-width: 100%; } .wpcpro-row .wpcpro-col-lg-2 { flex: 0 0 50%; max-width: 50%; } .wpcpro-row .wpcpro-col-lg-3 { flex: 0 0 33.222%; max-width: 33.222%; } .wpcpro-row .wpcpro-col-lg-4 { flex: 0 0 25%; max-width: 25%; } .wpcpro-row .wpcpro-col-lg-5 { flex: 0 0 20%; max-width: 20%; } .wpcpro-row .wpcpro-col-lg-6 { flex: 0 0 16.6667%; max-width: 16.6667%; } .wpcpro-row .wpcpro-col-lg-7 { flex: 0 0 14.28571428%; max-width: 14.28571428%; } .wpcpro-row .wpcpro-col-lg-8 { flex: 0 0 12.5%; max-width: 12.5%; } } @media (min-width: 1200px) { .wpcpro-row .wpcpro-col-xl-1 { flex: 0 0 100%; max-width: 100%; } .wpcpro-row .wpcpro-col-xl-2 { flex: 0 0 50%; max-width: 50%; } .wpcpro-row .wpcpro-col-xl-3 { flex: 0 0 33.22222222%; max-width: 33.22222222%; } .wpcpro-row .wpcpro-col-xl-4 { flex: 0 0 25%; max-width: 25%; } .wpcpro-row .wpcpro-col-xl-5 { flex: 0 0 20%; max-width: 20%; } .wpcpro-row .wpcpro-col-xl-6 { flex: 0 0 16.66667%; max-width: 16.66667%; } .wpcpro-row .wpcpro-col-xl-7 { flex: 0 0 14.28571428%; max-width: 14.28571428%; } .wpcpro-row .wpcpro-col-xl-8 { flex: 0 0 12.5%; max-width: 12.5%; } }<\/style><div class=\"wpcp-carousel-wrapper wpcp-wrapper-164\">\n\t<div id=\"wpcp-preloader-164\" class=\"wpcp-carousel-preloader\"><img src=\"https:\/\/ganaderiaantoniopalla.com\/en\/wp-content\/plugins\/wp-carousel-free\/public\/css\/spinner.svg\" alt=\"Preloader Image\" \/><\/div>\t<div class=\"wpcp-carousel-content-wrapper\">\n\t<div id=\"sp-wp-carousel-free-id-164\" class=\"wpcp-carousel-section sp-wpcp-164  nav-vertical-center wpcp-image-carousel wpcp-preloader wpcp-standard\" data-swiper='{ &quot;pagination_type&quot;: &quot;dots&quot;,&quot;accessibility&quot;:true, &quot;spaceBetween&quot;:20, &quot;arrows&quot;:true, &quot;freeMode&quot;: false, &quot;autoplay&quot;:true, &quot;effect&quot;: &quot;slide&quot;, &quot;centerMode&quot;: false, &quot;autoplaySpeed&quot;:3000, &quot;dots&quot;:true, &quot;infinite&quot;:true, &quot;speed&quot;:600, &quot;pauseOnHover&quot;:true,\n\t\t\t&quot;slidesToShow&quot;:{&quot;lg_desktop&quot;:5, &quot;desktop&quot;: 4, &quot;laptop&quot;: 3, &quot;tablet&quot;: 2, &quot;mobile&quot;: 1}, &quot;responsive&quot;:{&quot;desktop&quot;:1200, &quot;laptop&quot;: 980, &quot;tablet&quot;: 736, &quot;mobile&quot;: 480}, &quot;rtl&quot;:false, &quot;lazyLoad&quot;: &quot;false&quot;, &quot;swipe&quot;: true, &quot;draggable&quot;: true, &quot;swipeToSlide&quot;:false }' dir=\"ltr\">\n\t\t<div class=\"swiper-wrapper\">\n\t\t<div class=\"swiper-slide\">\n\t<div class=\"wpcp-single-item\">\n\t\t\t<div class=\"wpcp-slide-image\">\n\t\t<img class=\"skip-lazy\" src=\"https:\/\/ganaderiaantoniopalla.com\/en\/wp-content\/uploads\/DSC_0529-copia-scaled.jpg\" alt=\"DSC_0529 copia\" width=\"2560\" height=\"1707\">\t<\/div>\n\t\t<\/div>\n<\/div>\n\t<div class=\"swiper-slide\">\n\t<div class=\"wpcp-single-item\">\n\t\t\t<div class=\"wpcp-slide-image\">\n\t\t<img class=\"skip-lazy\" src=\"https:\/\/ganaderiaantoniopalla.com\/en\/wp-content\/uploads\/IMG-20241220-WA0026.jpg\" alt=\"IMG-20241220-WA0026\" width=\"640\" height=\"480\">\t<\/div>\n\t\t<\/div>\n<\/div>\n\t<div class=\"swiper-slide\">\n\t<div class=\"wpcp-single-item\">\n\t\t\t<div class=\"wpcp-slide-image\">\n\t\t<img class=\"skip-lazy\" src=\"https:\/\/ganaderiaantoniopalla.com\/en\/wp-content\/uploads\/c980b119-3c1f-470e-9279-66ff06fb6538-copia.jpg\" alt=\"c980b119-3c1f-470e-9279-66ff06fb6538 copia\" width=\"1600\" height=\"1256\">\t<\/div>\n\t\t<\/div>\n<\/div>\n\t<div class=\"swiper-slide\">\n\t<div class=\"wpcp-single-item\">\n\t\t\t<div class=\"wpcp-slide-image\">\n\t\t<img class=\"skip-lazy\" src=\"https:\/\/ganaderiaantoniopalla.com\/en\/wp-content\/uploads\/24-julio-copia.png\" alt=\"24 julio copia\" width=\"2294\" height=\"1716\">\t<\/div>\n\t\t<\/div>\n<\/div>\n\t<div class=\"swiper-slide\">\n\t<div class=\"wpcp-single-item\">\n\t\t\t<div class=\"wpcp-slide-image\">\n\t\t<img class=\"skip-lazy\" src=\"https:\/\/ganaderiaantoniopalla.com\/en\/wp-content\/uploads\/\u00a9Julia\u0301n-Barrera-2-copia.jpeg\" alt=\"\u00a9Julia\u0301n Barrera 2 copia\" width=\"1600\" height=\"1064\">\t<\/div>\n\t\t<\/div>\n<\/div>\n\t<div class=\"swiper-slide\">\n\t<div class=\"wpcp-single-item\">\n\t\t\t<div class=\"wpcp-slide-image\">\n\t\t<img class=\"skip-lazy\" src=\"https:\/\/ganaderiaantoniopalla.com\/en\/wp-content\/uploads\/11-diciembre-copia-scaled.jpg\" alt=\"11 diciembre copia\" width=\"2560\" height=\"1920\">\t<\/div>\n\t\t<\/div>\n<\/div>\n\t<div class=\"swiper-slide\">\n\t<div class=\"wpcp-single-item\">\n\t\t\t<div class=\"wpcp-slide-image\">\n\t\t<img class=\"skip-lazy\" src=\"https:\/\/ganaderiaantoniopalla.com\/en\/wp-content\/uploads\/119_1974-copia.jpg\" alt=\"Hurtador, semental de Jandilla\" width=\"2272\" height=\"1704\">\t<\/div>\n\t\t<\/div>\n<\/div>\n\t<div class=\"swiper-slide\">\n\t<div class=\"wpcp-single-item\">\n\t\t\t<div class=\"wpcp-slide-image\">\n\t\t<img class=\"skip-lazy\" src=\"https:\/\/ganaderiaantoniopalla.com\/en\/wp-content\/uploads\/2024-10-19-Una-de-Toros-Gusende-Moscosa-013-copia-scaled.jpg\" alt=\"2024 10 19 Una de Toros Gusende Moscosa-013 copia\" width=\"2560\" height=\"1920\">\t<\/div>\n\t\t<\/div>\n<\/div>\n\t<div class=\"swiper-slide\">\n\t<div class=\"wpcp-single-item\">\n\t\t\t<div class=\"wpcp-slide-image\">\n\t\t<img class=\"skip-lazy\" src=\"https:\/\/ganaderiaantoniopalla.com\/en\/wp-content\/uploads\/Captura-de-pantalla-2021-07-23-a-las-19.17.32-copia.png\" alt=\"Captura de pantalla 2021-07-23 a las 19.17.32 copia\" width=\"2204\" height=\"1637\">\t<\/div>\n\t\t<\/div>\n<\/div>\n\t<div class=\"swiper-slide\">\n\t<div class=\"wpcp-single-item\">\n\t\t\t<div class=\"wpcp-slide-image\">\n\t\t<img class=\"skip-lazy\" src=\"https:\/\/ganaderiaantoniopalla.com\/en\/wp-content\/uploads\/GANADERIA-30-copia-scaled.jpg\" alt=\"GANADERIA 30 copia\" width=\"2560\" height=\"1707\">\t<\/div>\n\t\t<\/div>\n<\/div>\n\t<div class=\"swiper-slide\">\n\t<div class=\"wpcp-single-item\">\n\t\t\t<div class=\"wpcp-slide-image\">\n\t\t<img class=\"skip-lazy\" src=\"https:\/\/ganaderiaantoniopalla.com\/en\/wp-content\/uploads\/GANADERIA-36-copia-scaled.jpg\" alt=\"GANADERIA 36 copia\" width=\"2560\" height=\"1707\">\t<\/div>\n\t\t<\/div>\n<\/div>\n\t<div class=\"swiper-slide\">\n\t<div class=\"wpcp-single-item\">\n\t\t\t<div class=\"wpcp-slide-image\">\n\t\t<img class=\"skip-lazy\" src=\"https:\/\/ganaderiaantoniopalla.com\/en\/wp-content\/uploads\/WhatsApp-Image-2021-11-23-at-17.22.30-copia.jpeg\" alt=\"WhatsApp Image 2021-11-23 at 17.22.30 copia\" width=\"1600\" height=\"1066\">\t<\/div>\n\t\t<\/div>\n<\/div>\n\t\t\t<\/div>\n\t\t\t\t\t<div class=\"wpcp-swiper-dots swiper-pagination\"><\/div>\n\t\t\t\t<!-- If we need navigation buttons -->\n\t\t\t\t\t<div class=\"wpcp-prev-button swiper-button-prev\"><i class=\"fa fa-angle-left\"><\/i><\/div>\n\t\t\t<div class=\"wpcp-next-button swiper-button-next\"><i class=\"fa fa-angle-right\"><\/i><\/div>\n\t\t\t<\/div>\n\t<\/div>\n<\/div>\n<\/p>\n<p>&nbsp;<\/p>\n","protected":false},"excerpt":{"rendered":"<p>Antonio Palla Cattle Ranch Code: AGL Town: Campos de Ledesma Province: Salamanca Country: Espa\u00f1a Foreman: Ignacio Garc\u00eda Mart\u00edn Ribbon: Red and green. Description of ear mark: Single tear on right ear. Main estate: \u201cGusende Moscosa\u201d. Campos de Ledesma C.P. 37140 (Salamanca) Spain Representative: Antonio Palla Vicente &nbsp; &nbsp;<\/p>\n","protected":false},"author":2,"featured_media":0,"parent":0,"menu_order":0,"comment_status":"closed","ping_status":"closed","template":"","meta":[],"_links":{"self":[{"href":"https:\/\/ganaderiaantoniopalla.com\/en\/wp-json\/wp\/v2\/pages\/5"}],"collection":[{"href":"https:\/\/ganaderiaantoniopalla.com\/en\/wp-json\/wp\/v2\/pages"}],"about":[{"href":"https:\/\/ganaderiaantoniopalla.com\/en\/wp-json\/wp\/v2\/types\/page"}],"author":[{"embeddable":true,"href":"https:\/\/ganaderiaantoniopalla.com\/en\/wp-json\/wp\/v2\/users\/2"}],"replies":[{"embeddable":true,"href":"https:\/\/ganaderiaantoniopalla.com\/en\/wp-json\/wp\/v2\/comments?post=5"}],"version-history":[{"count":11,"href":"https:\/\/ganaderiaantoniopalla.com\/en\/wp-json\/wp\/v2\/pages\/5\/revisions"}],"predecessor-version":[{"id":447,"href":"https:\/\/ganaderiaantoniopalla.com\/en\/wp-json\/wp\/v2\/pages\/5\/revisions\/447"}],"wp:attachment":[{"href":"https:\/\/ganaderiaantoniopalla.com\/en\/wp-json\/wp\/v2\/media?parent=5"}],"curies":[{"name":"wp","href":"https:\/\/api.w.org\/{rel}","templated":true}]}}